{"id":467,"date":"2018-06-05T18:38:07","date_gmt":"2018-06-05T16:38:07","guid":{"rendered":"http:\/\/wp10626989.server-he.de\/wp\/?page_id=467"},"modified":"2018-06-06T17:53:06","modified_gmt":"2018-06-06T15:53:06","slug":"datenschutz","status":"publish","type":"page","link":"http:\/\/wp10626989.server-he.de\/wp\/datenschutz\/","title":{"rendered":"Datenschutz"},"content":{"rendered":"<div class=\"csc-header csc-header-n2\">\n<h3>Schutz der Privatsph\u00e4re unserer Nutzer<\/h3>\n<\/div>\n<p class=\"bodytext\"><b>Erhebung, Verarbeitung und Nutzung personenbezogener Daten<\/b><\/p>\n<p class=\"bodytext\">Der Schutz der Privatsph\u00e4re unserer Nutzer ist sehr wichtig f\u00fcr uns.<\/p>\n<p class=\"bodytext\">Grunds\u00e4tzlich k\u00f6nnen unsere Seiten besucht werden, ohne dass Angaben zur eigenen Person gemacht werden m\u00fcssen.<br \/>\nEs werden nur personenbezogene Daten erhoben, wenn Sie uns eine E-Mail \u00fcbermitteln (wie z.B. Name, Vorname, Adresse und Ihr konkretes Anliegen bei einer Frage). Diese Daten dienen ausschlie\u00dflich zur Beantwortung Ihrer Fragen und Anliegen.<\/p>\n<p class=\"bodytext\"><b>Weitergabe von personenbezogenen Daten<\/b><\/p>\n<p class=\"bodytext\">Eine Weitergabe Ihrer personenbezogenen Daten an Dritte findet nicht statt.<\/p>\n<p class=\"bodytext\"><b>Auskunftsrecht \/ Widerspruchsrecht<\/b><\/p>\n<p class=\"bodytext\">Sie k\u00f6nnen der Nutzung bzw. Verarbeitung Ihrer Daten jederzeit durch textliche Mitteilung widersprechen bzw. Ihre Einwilligung widerrufen. M\u00f6chten Sie eine Auskunft der \u00fcber Sie gespeicherten Daten erhalten, k\u00f6nnen Sie ebenfalls sich textlich per E-Mail oder per Post an unsere Kontaktdaten senden.<\/p>\n","protected":false},"excerpt":{"rendered":"<p>Schutz der Privatsph\u00e4re unserer Nutzer Erhebung, Verarbeitung und Nutzung personenbezogener Daten Der Schutz der Privatsph\u00e4re unserer Nutzer ist sehr wichtig f\u00fcr uns. Grunds\u00e4tzlich k\u00f6nnen unsere Seiten besucht werden, ohne dass Angaben zur eigenen Person gemacht werden m\u00fcssen. Es werden nur personenbezogene Daten erhoben, wenn Sie uns eine E-Mail \u00fcbermitteln (wie z.B. Name, Vorname, Adresse und Ihr konkretes Anliegen bei einer<\/p>\n","protected":false},"author":2,"featured_media":0,"parent":0,"menu_order":8,"comment_status":"closed","ping_status":"closed","template":"","meta":{"footnotes":""},"class_list":["post-467","page","type-page","status-publish","hentry"],"_links":{"self":[{"href":"http:\/\/wp10626989.server-he.de\/wp\/wp-json\/wp\/v2\/pages\/467","targetHints":{"allow":["GET"]}}],"collection":[{"href":"http:\/\/wp10626989.server-he.de\/wp\/wp-json\/wp\/v2\/pages"}],"about":[{"href":"http:\/\/wp10626989.server-he.de\/wp\/wp-json\/wp\/v2\/types\/page"}],"author":[{"embeddable":true,"href":"http:\/\/wp10626989.server-he.de\/wp\/wp-json\/wp\/v2\/users\/2"}],"replies":[{"embeddable":true,"href":"http:\/\/wp10626989.server-he.de\/wp\/wp-json\/wp\/v2\/comments?post=467"}],"version-history":[{"count":5,"href":"http:\/\/wp10626989.server-he.de\/wp\/wp-json\/wp\/v2\/pages\/467\/revisions"}],"predecessor-version":[{"id":469,"href":"http:\/\/wp10626989.server-he.de\/wp\/wp-json\/wp\/v2\/pages\/467\/revisions\/469"}],"wp:attachment":[{"href":"http:\/\/wp10626989.server-he.de\/wp\/wp-json\/wp\/v2\/media?parent=467"}],"curies":[{"name":"wp","href":"https:\/\/api.w.org\/{rel}","templated":true}]}}